{"id":1201,"date":"2018-01-31T14:56:58","date_gmt":"2018-01-31T13:56:58","guid":{"rendered":"http:\/\/www.blocrybc.be\/?page_id=1201"},"modified":"2023-09-29T11:49:34","modified_gmt":"2023-09-29T09:49:34","slug":"abonnement-calendrier","status":"publish","type":"page","link":"https:\/\/blocrybc.be\/index.php\/abonnement-calendrier\/","title":{"rendered":"Abonnement calendrier"},"content":{"rendered":"<p>Voici les liens aux calendriers google des \u00e9venements auxquels vous souhaitez vous abonner:<\/p>\n<p><a href=\"https:\/\/calendar.google.com\/calendar\/ical\/blocrybc%40gmail.com\/public\/basic.ics\"><strong>agenda des entrainements<\/strong><\/a><\/p>\n<p style=\"text-align: left;\"><a href=\"https:\/\/calendar.google.com\/calendar\/ical\/1dnpmu7ql6nr4hojm2vi7aoit8%40group.calendar.google.com\/public\/basic.ics\"><strong>agenda des ICs<\/strong><\/a><\/p>\n<p><strong><span style=\"text-decoration: underline;\">Android\/GOOGLE Agenda<\/span> <\/strong><\/p>\n<p>S\u2019abonner aux calendriers en utilisant Google Agenda et\/ou sur Android (via le site internet<br \/>\nde Google http:\/\/www.google.com\/calendar\/ ) :<br \/>\n1. Copiez le lien souhait\u00e9<br \/>\n2. Allez sur \u201cAutres agendas\u201d en bas \u00e0 gauche de la page principale<br \/>\n3. Cliquez sur l\u2019onglet et selectionner \u201cAjouter par URL\u201d<br \/>\n4. Collez le lien<br \/>\n5. Acceptez<br \/>\n6. Voil\u00e0<br \/>\nPS : votre dispositif Android est cens\u00e9 \u00eatre associ\u00e9 \u00e0 un compte Google.<\/p>\n<p><strong><span style=\"text-decoration: underline;\">iOS<\/span> <\/strong><\/p>\n<p>S\u2019abonner aux calendriers sur iOS (iPhone, iPad) :<br \/>\n1. Copiez le lien souhait\u00e9<br \/>\n2. Allez sur R\u00e9glages \/ Mails, Contacts, Calendrier \/ Ajouter un compte \/ Autre \/ Ajouter<br \/>\nun cal. avec abonnement<br \/>\n3. Collez le lien<br \/>\n4. Cliquez \u201cSuivant\u201d (d\u00e9cider si supprimer les alarmes)<br \/>\n5. Cliquez \u201cSuivant\u201d<br \/>\n6. Voil\u00e0 !<\/p>\n<p><strong><span style=\"text-decoration: underline;\">OSX<\/span><\/strong><\/p>\n<p>S\u2019abonner aux calendriers sur OS (MacBook, iMac, etc.) :<br \/>\n1. Copiez le lien souhait\u00e9<br \/>\n2. Allez sur Calendrier<br \/>\n3. Cliquez sur Fichier \/ Nouvel abonnement calendrier<br \/>\n4. Collez le lien<br \/>\n5. Cliquez sur S\u2019abonner<br \/>\n6. Choisissez la couleur de l\u2019agenda, le temps pour l\u2019actualisation automatique, etc.<br \/>\n7. Cliquez sur OK<br \/>\n8. Voil\u00e0 !<\/p>\n<p><span style=\"text-decoration: underline;\"><strong>Windows<\/strong><\/span><\/p>\n<p>S\u2019abonner aux calendriers sur un ordinateur avec Windows :<br \/>\n1. Copiez le lien iCal auquel vous souhaitez vous abonner.<br \/>\n3. Dans Outlook.com, acc\u00e9dez \u00e0 votre calendrier.<br \/>\n4. Cliquez sur Importer.<br \/>\n5. Cliquez sur S&rsquo;abonner.<br \/>\n6. Dans la zone d&rsquo;URL de l&rsquo;application Calendrier, tapez ou copiez et collez l&rsquo;adresse<br \/>\nWeb du calendrier iCal.<br \/>\n7. Entrez un nom pour le calendrier et choisissez une couleur.<br \/>\n8. Si vous le souhaitez, s\u00e9lectionnez un symbole qui repr\u00e9sentera chaque nouveau rendez\u00advous de ce calendrier.<br \/>\n9. Cliquez sur S\u2019abonner.<br \/>\n10. Voil\u00e0 !<\/p>\n","protected":false},"excerpt":{"rendered":"<p>Voici les liens aux calendriers google des \u00e9venements auxquels vous souhaitez vous abonner: agenda des entrainements agenda des ICs Android\/GOOGLE Agenda S\u2019abonner aux calendriers en utilisant Google Agenda et\/ou sur Android (via le site internet de Google http:\/\/www.google.com\/calendar\/ ) : 1. Copiez le lien souhait\u00e9 2. Allez sur \u201cAutres agendas\u201d en bas \u00e0 gauche de &hellip; <a href=\"https:\/\/blocrybc.be\/index.php\/abonnement-calendrier\/\" class=\"more-link\">Continuer la lecture de <span class=\"screen-reader-text\">Abonnement calendrier<\/span><\/a><\/p>\n","protected":false},"author":1,"featured_media":0,"parent":0,"menu_order":0,"comment_status":"closed","ping_status":"closed","template":"","meta":{"footnotes":""},"class_list":["post-1201","page","type-page","status-publish","hentry"],"jetpack_sharing_enabled":true,"_links":{"self":[{"href":"https:\/\/blocrybc.be\/index.php\/wp-json\/wp\/v2\/pages\/1201","targetHints":{"allow":["GET"]}}],"collection":[{"href":"https:\/\/blocrybc.be\/index.php\/wp-json\/wp\/v2\/pages"}],"about":[{"href":"https:\/\/blocrybc.be\/index.php\/wp-json\/wp\/v2\/types\/page"}],"author":[{"embeddable":true,"href":"https:\/\/blocrybc.be\/index.php\/wp-json\/wp\/v2\/users\/1"}],"replies":[{"embeddable":true,"href":"https:\/\/blocrybc.be\/index.php\/wp-json\/wp\/v2\/comments?post=1201"}],"version-history":[{"count":3,"href":"https:\/\/blocrybc.be\/index.php\/wp-json\/wp\/v2\/pages\/1201\/revisions"}],"predecessor-version":[{"id":1756,"href":"https:\/\/blocrybc.be\/index.php\/wp-json\/wp\/v2\/pages\/1201\/revisions\/1756"}],"wp:attachment":[{"href":"https:\/\/blocrybc.be\/index.php\/wp-json\/wp\/v2\/media?parent=1201"}],"curies":[{"name":"wp","href":"https:\/\/api.w.org\/{rel}","templated":true}]}}