{"id":1243,"date":"2018-05-23T14:14:42","date_gmt":"2018-05-23T12:14:42","guid":{"rendered":"https:\/\/www.blocrybc.be\/?page_id=1243"},"modified":"2023-06-26T08:30:51","modified_gmt":"2023-06-26T06:30:51","slug":"document-general-politique-de-gestion-donnees-personnelles","status":"publish","type":"page","link":"https:\/\/blocrybc.be\/index.php\/informations\/document-general-politique-de-gestion-donnees-personnelles\/","title":{"rendered":"Document g\u00e9n\u00e9ral sur la politique de la gestion des donn\u00e9es personnelles"},"content":{"rendered":"<h1><strong>R\u00e8glement G\u00e9n\u00e9ral sur la Protection des Donn\u00e9es<\/strong>\u00a0 (RGPD)<\/h1>\n<p>\u00ab\u202f<strong>GDPR<\/strong>\u202f\u00bb est l\u2019acronyme pour <strong>General Data Protection Regulation<\/strong> en anglais ou, en fran\u00e7ais, \u00ab\u202fRGPD\u202f\u00bb <strong>R\u00e8glement G\u00e9n\u00e9ral sur la Protection des Donn\u00e9es<\/strong>. Le GDPR est la nouvelle r\u00e9glementation en vigueur en mati\u00e8re de protection des donn\u00e9es et remplace les anciens textes sur le sujet (la Directive 95\/46\/CE et la loi <strong>vie priv\u00e9e<\/strong> du 8 d\u00e9cembre 1992). Le GDPR <span style=\"font-weight: 400;\">est entr\u00e9<\/span> en vigueur le vendredi <strong>25 mai 2018<\/strong>. Quoique les grands principes du GDPR soient les m\u00eames que ceux des l\u00e9gislations ant\u00e9rieures, il pr\u00e9sente aussi <strong>certaines nouveaut\u00e9s<\/strong> (en mati\u00e8re de droits accord\u00e9s aux personnes dont les donn\u00e9es sont trait\u00e9es par exemple).<\/p>\n<p>Lien du <a href=\"http:\/\/eur-lex.europa.eu\/legal-content\/FR\/TXT\/PDF\/?uri=CELEX:32016R0679&amp;from=FR\">R\u00c8GLEMENT DU PARLEMENT EUROP\u00c9EN ET DU CONSEIL<\/a> en fran\u00e7ais<\/p>\n<p>Link of <a href=\"http:\/\/eur-lex.europa.eu\/legal-content\/EN\/TXT\/PDF\/?uri=OJ:L:2016:119:FULL&amp;from=EN\">REGULATION OF THE EUROPEAN PARLIAMENT AND OF THE COUNCIL<\/a> in English<\/p>\n<h2>Responsable de Traitement<\/h2>\n<p><strong>BLOCRY Badminton Club\u00a0 asbl<\/strong><\/p>\n<p>Rue chapelle \u00e0 la barre, 1 \u00e0 1360 Orbais<\/p>\n<p>Num\u00e9ro d\u2019entreprise\u00a0: 0560.811.042<\/p>\n<p>Email g\u00e9n\u00e9ral\u00a0: <a href=\"mailto:info@blocrybc.be\">info@blocrybc.be<\/a><\/p>\n<p>Site\u00a0: <a href=\"http:\/\/www.blocrybc.be\">www.blocrybc.be<\/a><\/p>\n<h2>Identit\u00e9 du D\u00e9l\u00e9gu\u00e9 \u00e0 la Protection des donn\u00e9es<\/h2>\n<p>Cavigneaux Christophe<\/p>\n<h2><\/h2>\n<h2>La finalit\u00e9 des traitements.<\/h2>\n<p>Les informations recueillies ont pour finalit\u00e9 l\u2019administration de nos membres.<\/p>\n<p>Les donn\u00e9es sont fournies lors de l\u2019inscription \u00e0 la ligue (LFBB) pour leur adh\u00e9sion \u00e0 celle-ci. Les donn\u00e9es sont introduites sur le site s\u00e9curis\u00e9 de la LFBB (droit d\u2019acc\u00e8s r\u00e9serv\u00e9 aux membres du conseil d\u2019administration du club)<\/p>\n<p>L\u2019adresse postale ainsi que la date de naissance sont fournies \u00e0 la commune pour les subsides, via une liste par email (envoy\u00e9 par le tr\u00e9sorier).<\/p>\n<p>Les emails sont utilis\u00e9s par le club pour la communication g\u00e9n\u00e9rale pour les activit\u00e9s du club (Secr\u00e9taire et Tr\u00e9sorier), ainsi que pour le rappel de paiement des tubes de volants.<\/p>\n<p>Les responsables d\u2019interclub n\u2019ont acc\u00e8s qu\u2019aux emails des membres qui sont susceptibles de jouer aux interclubs.<\/p>\n<p>Les coordonn\u00e9es compl\u00e8tes sont aussi utilis\u00e9es pour le registre des membres effectifs (mise \u00e0 jour par le tr\u00e9sorier).<\/p>\n<p>Nous nous engageons \u00e0 ne pas diffuser les donn\u00e9es \u00e0 des fins non administratives.<\/p>\n<h2>Les personnes pouvant y acc\u00e9der<\/h2>\n<p>Les membres du conseil d\u2019administrations sont les seuls personnes susceptibles d\u2019acc\u00e9der \u00e0 vos informations.<\/p>\n<p>Le secr\u00e9taire et le tr\u00e9sorier ont un acc\u00e8s privil\u00e9gi\u00e9 \u00e0 la base de donn\u00e9es, situ\u00e9e sur un\u00a0 serveur s\u00e9curis\u00e9.<\/p>\n<p>Toute autre demande d\u2019acc\u00e8s doit \u00eatre demand\u00e9e au D\u00e9l\u00e9gu\u00e9 \u00e0 la Protection des Donn\u00e9es, cette demande doit \u00eatre justifi\u00e9e et pertinente.<\/p>\n<h2>Le type de donn\u00e9es collect\u00e9es et comment sont-elles collect\u00e9es<\/h2>\n<p>Lors de son inscription le membre introduit, via un formulaire en ligne,\u00a0 ses donn\u00e9es personnelles, telles que\u00a0:<\/p>\n<ul>\n<li>Adresse mail<\/li>\n<li>Nom<\/li>\n<li>Pr\u00e9nom<\/li>\n<li>Sexe<\/li>\n<li>Nationalit\u00e9<\/li>\n<li>Date de naissance<\/li>\n<li>Adresse postale (rue + num\u00e9ro + code postal + localit\u00e9)<\/li>\n<li>Num\u00e9ro de t\u00e9l\u00e9phone ou de GSM<\/li>\n<\/ul>\n<p>Pour les mineurs d\u2019\u00e2ge les donn\u00e9es suivantes sont collect\u00e9es en plus<\/p>\n<ul>\n<li>Nom et pr\u00e9nom du repr\u00e9sentant l\u00e9gal<\/li>\n<li>R\u00f4le<\/li>\n<li>Num\u00e9ro de t\u00e9l\u00e9phone ou de GSM<\/li>\n<li>Adresse mail<\/li>\n<\/ul>\n<p>L\u2019ensemble de ses donn\u00e9es est conserv\u00e9 dans un registre situ\u00e9 sur un serveur s\u00e9curis\u00e9. Un backup du registre est aussi conserv\u00e9 au si\u00e8ge de l\u2019asbl.<\/p>\n<p>Seules les donn\u00e9es des membres ayant pay\u00e9 leur cotisation sont conserv\u00e9es dans\u00a0 le registre.<\/p>\n<h2>Leur dur\u00e9e de conservation<\/h2>\n<p>Le registre des membres sera conserv\u00e9 pour une dur\u00e9e de 10 ans. Le but \u00e9tant de pouvoir contacter les anciens membres pour leur r\u00e9-affiliation ou invitation \u00e0 des \u00e9v\u00e8nements particuliers.<\/p>\n<h2>Droit d\u2019acc\u00e8s, de rectification et d\u2019effacement<\/h2>\n<p>Tout membre le droit de demander l\u2019acc\u00e8s aux donn\u00e9es \u00e0 caract\u00e8re personnel, la rectification ou l\u2019effacement de celles-ci.<\/p>\n<p>Pour exercer ce droit, il suffit d\u2019envoyer un email \u00e0 l\u2019adresse g\u00e9n\u00e9rale (<a href=\"mailto:info@blocrybc.be\">info@blocrybc.be<\/a>) et\u00a0 au D\u00e9l\u00e9gu\u00e9 \u00e0 la Protection des Donn\u00e9es, en pr\u00e9cisant le droit que vous voulez exercer et la justification.<\/p>\n<p>Un email vous sera renvoy\u00e9 dans les 10 jours pour vous confirmer l\u2019action r\u00e9alis\u00e9e.<\/p>\n<p><a href=\"https:\/\/drive.google.com\/open?id=1j_cKjKFyZCXqqDkcxlJFa_QqiJtqw2E9\">Lien<\/a> de ce document en PDF<\/p>\n","protected":false},"excerpt":{"rendered":"<p>R\u00e8glement G\u00e9n\u00e9ral sur la Protection des Donn\u00e9es\u00a0 (RGPD) \u00ab\u202fGDPR\u202f\u00bb est l\u2019acronyme pour General Data Protection Regulation en anglais ou, en fran\u00e7ais, \u00ab\u202fRGPD\u202f\u00bb R\u00e8glement G\u00e9n\u00e9ral sur la Protection des Donn\u00e9es. Le GDPR est la nouvelle r\u00e9glementation en vigueur en mati\u00e8re de protection des donn\u00e9es et remplace les anciens textes sur le sujet (la Directive 95\/46\/CE et &hellip; <a href=\"https:\/\/blocrybc.be\/index.php\/informations\/document-general-politique-de-gestion-donnees-personnelles\/\" class=\"more-link\">Continuer la lecture de <span class=\"screen-reader-text\">Document g\u00e9n\u00e9ral sur la politique de la gestion des donn\u00e9es personnelles<\/span><\/a><\/p>\n","protected":false},"author":1,"featured_media":0,"parent":49,"menu_order":2,"comment_status":"closed","ping_status":"closed","template":"","meta":{"footnotes":""},"class_list":["post-1243","page","type-page","status-publish","hentry"],"jetpack_sharing_enabled":true,"_links":{"self":[{"href":"https:\/\/blocrybc.be\/index.php\/wp-json\/wp\/v2\/pages\/1243","targetHints":{"allow":["GET"]}}],"collection":[{"href":"https:\/\/blocrybc.be\/index.php\/wp-json\/wp\/v2\/pages"}],"about":[{"href":"https:\/\/blocrybc.be\/index.php\/wp-json\/wp\/v2\/types\/page"}],"author":[{"embeddable":true,"href":"https:\/\/blocrybc.be\/index.php\/wp-json\/wp\/v2\/users\/1"}],"replies":[{"embeddable":true,"href":"https:\/\/blocrybc.be\/index.php\/wp-json\/wp\/v2\/comments?post=1243"}],"version-history":[{"count":1,"href":"https:\/\/blocrybc.be\/index.php\/wp-json\/wp\/v2\/pages\/1243\/revisions"}],"predecessor-version":[{"id":1602,"href":"https:\/\/blocrybc.be\/index.php\/wp-json\/wp\/v2\/pages\/1243\/revisions\/1602"}],"up":[{"embeddable":true,"href":"https:\/\/blocrybc.be\/index.php\/wp-json\/wp\/v2\/pages\/49"}],"wp:attachment":[{"href":"https:\/\/blocrybc.be\/index.php\/wp-json\/wp\/v2\/media?parent=1243"}],"curies":[{"name":"wp","href":"https:\/\/api.w.org\/{rel}","templated":true}]}}