{"id":1254,"date":"2018-05-24T10:25:00","date_gmt":"2018-05-24T08:25:00","guid":{"rendered":"https:\/\/www.blocrybc.be\/?page_id=1254"},"modified":"2023-06-26T08:38:22","modified_gmt":"2023-06-26T06:38:22","slug":"inscription-2","status":"publish","type":"page","link":"https:\/\/blocrybc.be\/index.php\/inscription-2\/","title":{"rendered":"Inscription"},"content":{"rendered":"<div class=\"freebirdFormviewerViewItemsItemItem\" role=\"listitem\" data-item-id=\"1348807505\">\n<div class=\"freebirdMaterialHeaderbannerLabelContainer freebirdFormviewerViewItemsSectionheaderBanner\" role=\"heading\">\n<div class=\"freebirdMaterialHeaderbannerLabelTextContainer freebirdSolidBackground\">\n<h1 class=\"freebirdMaterialHeaderbannerSectionText freebirdFormviewerViewItemsSectionheaderBannerText freebirdCustomFont\"><strong>Affiliation (1 an)<\/strong><\/h1>\n<\/div>\n<div class=\"freebirdMaterialHeaderbannerSectionTriangleContainer\"><\/div>\n<\/div>\n<div class=\"freebirdFormviewerViewItemsSectionheaderDescriptionText\">En vous affiliant en premier club au BLOCRY B.C. asbl vous \u00eates automatiquement inscrit aupr\u00e8s de la Ligue Francophone Belge de Badminton (LFBB) en tant que comp\u00e9titeur.\u00a0 Le joueur comp\u00e9titeur est couvert par une assurance et peut participer aux comp\u00e9titions.<\/div>\n<div><\/div>\n<div class=\"freebirdFormviewerViewItemsSectionheaderDescriptionText\">Les jeunes de l&rsquo;\u00e9cole qui d\u00e9sirent faire de la comp\u00e9tition doivent faire la demande \u00e0 l&rsquo;inscription.<\/div>\n<div><\/div>\n<h2>Formules d&rsquo;inscriptions<\/h2>\n<\/div>\n<div class=\"freebirdFormviewerViewItemsItemItem\" role=\"listitem\" data-other-input=\"qSV85\" data-other-hidden=\"MfYA1e\" data-item-id=\"2066599614\">\n<div class=\"freebirdFormviewerViewItemsItemItemHeader\">\n<div class=\"freebirdFormviewerViewItemsItemItemTitleContainer\">\n<h4 id=\"i64\" class=\"freebirdFormviewerViewItemsItemItemTitle freebirdCustomFont\" dir=\"auto\" role=\"heading\" aria-level=\"2\" aria-describedby=\"i.desc.2066599614\">18 ans et plus (\u00e2ge au 1er septembre)<\/h4>\n<ul>\n<li><span class=\"docssharedWizToggleLabeledLabelText exportLabel freebirdFormviewerViewItemsRadioLabel\" dir=\"auto\">Jeu libre adultes: 185\u20ac<\/span><\/li>\n<li><span class=\"docssharedWizToggleLabeledLabelText exportLabel freebirdFormviewerViewItemsRadioLabel\" dir=\"auto\">Second Club : 90\u20ac<\/span><\/li>\n<\/ul>\n<\/div>\n<\/div>\n<\/div>\n<div class=\"freebirdFormviewerViewItemsItemItem\" role=\"listitem\" data-other-input=\"qSV85\" data-other-hidden=\"MfYA1e\" data-item-id=\"317937741\">\n<div class=\"freebirdFormviewerViewItemsItemItemHeader\">\n<div class=\"freebirdFormviewerViewItemsItemItemTitleContainer\">\n<h4 id=\"i74\" class=\"freebirdFormviewerViewItemsItemItemTitle freebirdCustomFont\" dir=\"auto\" role=\"heading\" aria-level=\"2\" aria-describedby=\"i.desc.317937741\">Moins de 18 ans (\u00e2ge au 1er septembre)<\/h4>\n<ul>\n<li class=\"docssharedWizToggleLabeledPrimaryText\"><span class=\"docssharedWizToggleLabeledLabelText exportLabel freebirdFormviewerViewItemsRadioLabel\" dir=\"auto\">Jeu libre: 170\u20ac<\/span><\/li>\n<li class=\"docssharedWizToggleLabeledPrimaryText\"><span class=\"docssharedWizToggleLabeledLabelText exportLabel freebirdFormviewerViewItemsRadioLabel\" dir=\"auto\"><span class=\"docssharedWizToggleLabeledLabelText exportLabel freebirdFormviewerViewItemsRadioLabel\" dir=\"auto\">Ecole des jeunes (acc\u00e8s aux jeux libres les lundis, les vendredis et dimanches seulement): 300\u20ac<\/span><\/span><\/li>\n<\/ul>\n<\/div>\n<\/div>\n<\/div>\n<div class=\"freebirdFormviewerViewItemsItemItem\" role=\"listitem\" data-other-input=\"qSV85\" data-other-hidden=\"MfYA1e\" data-item-id=\"1946077101\">\n<div class=\"freebirdFormviewerViewItemsItemItemHeader\">\n<div class=\"freebirdFormviewerViewItemsItemItemTitleContainer\">\n<h2 id=\"i84\" class=\"freebirdFormviewerViewItemsItemItemTitle freebirdCustomFont\" dir=\"auto\" role=\"heading\" aria-level=\"2\" aria-describedby=\"i.desc.1946077101\">Affiliation en cours de saison<\/h2>\n<\/div>\n<\/div>\n<div data-input=\"L9xHkb\">\n<div role=\"radiogroup\" aria-labelledby=\"i84\" aria-describedby=\"i.desc.1946077101 i.err.1946077101\">\n<div class=\"\">\n<div class=\"exportLabelWrapper\">\n<div class=\"docssharedWizToggleLabeledContent\">\n<div class=\"docssharedWizToggleLabeledPrimaryText\"><span class=\"docssharedWizToggleLabeledLabelText exportLabel freebirdFormviewerViewItemsRadioLabel\" dir=\"auto\">Possible seulement avec l&rsquo;accord donn\u00e9 par le pr\u00e9sident, le secr\u00e9taire ou le tr\u00e9sorier<\/span><\/div>\n<\/div>\n<\/div>\n<\/div>\n<\/div>\n<\/div>\n<\/div>\n<div class=\"freebirdFormviewerViewItemsItemItem\" role=\"listitem\" data-item-id=\"329629582\">\n<div class=\"freebirdMaterialHeaderbannerLabelContainer freebirdFormviewerViewItemsSectionheaderBanner\" role=\"heading\">\n<div class=\"freebirdMaterialHeaderbannerLabelTextContainer freebirdSolidBackground\">\n<div><\/div>\n<\/div>\n<\/div>\n<h2>Proc\u00e9dure d&rsquo;inscription<\/h2>\n<p>Pour vous inscrire, envoyer votre demande \u00e0 <a href=\"mailto:info@blocrybc.be\">info@blocrybc.be<\/a> afin de recevoir le formulaire en retour.<\/p>\n<\/div>\n<div class=\"freebirdMaterialHeaderbannerLabelContainer freebirdFormviewerViewItemsSectionheaderBanner\" role=\"heading\">\n<div class=\"freebirdMaterialHeaderbannerLabelTextContainer freebirdSolidBackground\">\n<h2><\/h2>\n<h2 class=\"freebirdMaterialHeaderbannerSectionText freebirdFormviewerViewItemsSectionheaderBannerText freebirdCustomFont\">R\u00e9ductions<\/h2>\n<\/div>\n<\/div>\n<div class=\"freebirdMaterialHeaderbannerSectionTriangleContainer\"><\/div>\n<div class=\"freebirdFormviewerViewItemsSectionheaderDescriptionText\">Une r\u00e9duction de 10% sur le montant, hors cotisation ligue(*), pour le 2\u00e8me membre d&rsquo;une famille et pour les membres suivants.<\/div>\n<div><\/div>\n<div class=\"freebirdFormviewerViewItemsSectionheaderDescriptionText\"><em>Famille = parents et enfants jusqu&rsquo;\u00e0 21 ans, habitant sous le m\u00eame toit. <\/em><br \/>\n<em>La r\u00e9duction s&rsquo;applique sur les cotisations les moins importantes.(*) 39,75 ou 27,03\u20ac pour les \u00a0&lt;=18 ans<\/p>\n<p>Soit les exemples suivant:<br \/>\n&#8211; pour la cotisation adule ((185 &#8211; 39,75) &#8211; 10%) + 39,75 =\u00a0<b>170,50\u20ac<\/b><br \/>\n&#8211; pour l&rsquo;\u00e9cole des jeunes \u00a0((300 &#8211; 27) &#8211; 10%) + 27) =\u00a0<b>272,70\u20ac<\/b><\/em><\/div>\n","protected":false},"excerpt":{"rendered":"<p>Affiliation (1 an) En vous affiliant en premier club au BLOCRY B.C. asbl vous \u00eates automatiquement inscrit aupr\u00e8s de la Ligue Francophone Belge de Badminton (LFBB) en tant que comp\u00e9titeur.\u00a0 Le joueur comp\u00e9titeur est couvert par une assurance et peut participer aux comp\u00e9titions. Les jeunes de l&rsquo;\u00e9cole qui d\u00e9sirent faire de la comp\u00e9tition doivent faire &hellip; <a href=\"https:\/\/blocrybc.be\/index.php\/inscription-2\/\" class=\"more-link\">Continuer la lecture de <span class=\"screen-reader-text\">Inscription<\/span><\/a><\/p>\n","protected":false},"author":1,"featured_media":0,"parent":0,"menu_order":0,"comment_status":"closed","ping_status":"closed","template":"","meta":{"footnotes":""},"class_list":["post-1254","page","type-page","status-publish","hentry"],"jetpack_sharing_enabled":true,"_links":{"self":[{"href":"https:\/\/blocrybc.be\/index.php\/wp-json\/wp\/v2\/pages\/1254","targetHints":{"allow":["GET"]}}],"collection":[{"href":"https:\/\/blocrybc.be\/index.php\/wp-json\/wp\/v2\/pages"}],"about":[{"href":"https:\/\/blocrybc.be\/index.php\/wp-json\/wp\/v2\/types\/page"}],"author":[{"embeddable":true,"href":"https:\/\/blocrybc.be\/index.php\/wp-json\/wp\/v2\/users\/1"}],"replies":[{"embeddable":true,"href":"https:\/\/blocrybc.be\/index.php\/wp-json\/wp\/v2\/comments?post=1254"}],"version-history":[{"count":1,"href":"https:\/\/blocrybc.be\/index.php\/wp-json\/wp\/v2\/pages\/1254\/revisions"}],"predecessor-version":[{"id":1606,"href":"https:\/\/blocrybc.be\/index.php\/wp-json\/wp\/v2\/pages\/1254\/revisions\/1606"}],"wp:attachment":[{"href":"https:\/\/blocrybc.be\/index.php\/wp-json\/wp\/v2\/media?parent=1254"}],"curies":[{"name":"wp","href":"https:\/\/api.w.org\/{rel}","templated":true}]}}