{"id":49,"date":"2017-09-26T14:49:47","date_gmt":"2017-09-26T12:49:47","guid":{"rendered":"http:\/\/www.blocrybc.be\/?page_id=49"},"modified":"2023-06-27T13:02:21","modified_gmt":"2023-06-27T11:02:21","slug":"informations","status":"publish","type":"page","link":"https:\/\/blocrybc.be\/index.php\/informations\/","title":{"rendered":"Informations"},"content":{"rendered":"<h1><strong>Les horaires<\/strong><\/h1>\n<h4>Au Centre sportif du BLOCRY:<\/h4>\n<p>Mercredi\u00a0: \u00a0\u00a0\u00a0\u00a0\u00a0 20h \u00e0 23h<\/p>\n<p>Vendredi\u00a0: \u00a0\u00a0\u00a0\u00a0\u00a0 20h \u00e0 23h<\/p>\n<p>Dimanche\u00a0: \u00a0\u00a0\u00a0\u00a0 17h \u00e0 19h<\/p>\n<p>Pour l&rsquo;occupation d\u00e9taill\u00e9e des terrains, veuillez vouz r\u00e9f\u00e9rer \u00e0 l&rsquo;<a href=\"https:\/\/blocrybc.be\/index.php\/calendar-2\/\">agenda<\/a> d&rsquo;occupation des terrains.<\/p>\n<h4>Au Centre sportif des Coquer\u00e9es:<\/h4>\n<p>Lundi : 20h \u00e0 23h<\/p>\n<p>Dans la salle principale du Centre sportif.<\/p>\n<h1><strong>Ecole des jeunes<\/strong><\/h1>\n<p>Au Centre sportif du BLOCRY les dimanches de\u00a0 15h \u00e0 17h.<\/p>\n<p>En salle B2 du CS BLOCRY<\/p>\n<h1><strong>Interclubs<\/strong><strong><br \/>\n<\/strong><\/h1>\n<p>Les interclubs \u00e0 domicile se jouent les lundis au centre sportif des Coquer\u00e9es et les vendredis au Centre sportif du BLOCRY.<\/p>\n<p>Cela impliquera l\u2019utilisation prioritaire de 2 ou 4 terrains en fonction des interclubs. Si le responsable interclub le juge n\u00e9cessaire, en accord avec le comit\u00e9 organisateur, il pourra r\u00e9quisitionner plus de terrains pour le bon d\u00e9roulement de l&rsquo;interclub.<\/p>\n<h1>Coordonn\u00e9es du club<\/h1>\n<p style=\"text-align: left;\"><strong>BLOCRY Badminton Club asbl<br \/>\n<\/strong>1 rue chapelle \u00e0 la barre \u00e0 1360 Orbais.<br \/>\nNum\u00e9ro d\u2019entreprise\u00a0: 0560.811.042<br \/>\nMatricule LFBB: 20\/003\/78<br \/>\n<strong>IBAN : BE46 0018 0219 5736<br \/>\n<\/strong><a href=\"mailto:info@blocrybc.be\">info@blocrybc.be<\/a><br \/>\nwww.blocrybc.be<\/p>\n","protected":false},"excerpt":{"rendered":"<p>Les horaires Au Centre sportif du BLOCRY: Mercredi\u00a0: \u00a0\u00a0\u00a0\u00a0\u00a0 20h \u00e0 23h Vendredi\u00a0: \u00a0\u00a0\u00a0\u00a0\u00a0 20h \u00e0 23h Dimanche\u00a0: \u00a0\u00a0\u00a0\u00a0 17h \u00e0 19h Pour l&rsquo;occupation d\u00e9taill\u00e9e des terrains, veuillez vouz r\u00e9f\u00e9rer \u00e0 l&rsquo;agenda d&rsquo;occupation des terrains. Au Centre sportif des Coquer\u00e9es: Lundi : 20h \u00e0 23h Dans la salle principale du Centre sportif. Ecole des jeunes &hellip; <a href=\"https:\/\/blocrybc.be\/index.php\/informations\/\" class=\"more-link\">Continuer la lecture de <span class=\"screen-reader-text\">Informations<\/span><\/a><\/p>\n","protected":false},"author":1,"featured_media":0,"parent":0,"menu_order":0,"comment_status":"closed","ping_status":"closed","template":"","meta":{"footnotes":""},"class_list":["post-49","page","type-page","status-publish","hentry"],"jetpack_sharing_enabled":true,"_links":{"self":[{"href":"https:\/\/blocrybc.be\/index.php\/wp-json\/wp\/v2\/pages\/49","targetHints":{"allow":["GET"]}}],"collection":[{"href":"https:\/\/blocrybc.be\/index.php\/wp-json\/wp\/v2\/pages"}],"about":[{"href":"https:\/\/blocrybc.be\/index.php\/wp-json\/wp\/v2\/types\/page"}],"author":[{"embeddable":true,"href":"https:\/\/blocrybc.be\/index.php\/wp-json\/wp\/v2\/users\/1"}],"replies":[{"embeddable":true,"href":"https:\/\/blocrybc.be\/index.php\/wp-json\/wp\/v2\/comments?post=49"}],"version-history":[{"count":3,"href":"https:\/\/blocrybc.be\/index.php\/wp-json\/wp\/v2\/pages\/49\/revisions"}],"predecessor-version":[{"id":1672,"href":"https:\/\/blocrybc.be\/index.php\/wp-json\/wp\/v2\/pages\/49\/revisions\/1672"}],"wp:attachment":[{"href":"https:\/\/blocrybc.be\/index.php\/wp-json\/wp\/v2\/media?parent=49"}],"curies":[{"name":"wp","href":"https:\/\/api.w.org\/{rel}","templated":true}]}}