{"id":8,"date":"2017-09-08T18:01:52","date_gmt":"2017-09-08T16:01:52","guid":{"rendered":"http:\/\/www.blocrybc.be\/?page_id=2"},"modified":"2023-06-26T16:13:51","modified_gmt":"2023-06-26T14:13:51","slug":"page-d-exemple-2","status":"publish","type":"page","link":"https:\/\/blocrybc.be\/index.php\/page-d-exemple-2\/","title":{"rendered":"Le club"},"content":{"rendered":"<p><span style=\"font-weight: 400;\">Le club du BLOCRY a vu le jour en 1978, et est pass\u00e9 du statut d\u2019association de fait \u00e0 ASBL en ao\u00fbt 2014.\u00a0<\/span><\/p>\n<p><span style=\"font-weight: 400;\">Il compte depuis les 5 derni\u00e8res ann\u00e9es entre 100 et 135 membres.\u00a0<\/span><\/p>\n<p><span style=\"font-weight: 400;\">Il y a actuellement 3 \u00e9quipes d&rsquo;interclubs, 1 juges arbitres, une \u00e9cole des jeunes, 4 cr\u00e9neaux horaires par semaine, avec entre 4 et 8 terrains en jeu libre.<\/span><\/p>\n<p><span style=\"font-weight: 400;\">Le club a des subsides de la commune d\u2019Ottignies \u2013 Louvain-La-Neuve et est soutenu par la Province du Brabant wallon.<\/span><\/p>\n<p><span style=\"font-weight: 400;\">Nous avons par ailleurs la chance de pouvoir exploiter les installations du Centre Sportif du BLOCRY. Il s&rsquo;agit d&rsquo;un centre ADEPS capable d&rsquo;accueillir de grandes manifestations gr\u00e2ce notamment \u00e0 son imposante infrastructure et \u00e0 son grand parking.\u00a0\u00a0<\/span><\/p>\n<p><span style=\"font-weight: 400;\">Nous avons depuis septembre 2016 aussi la possibilit\u00e9 d\u2019exploiter une tranche horaire au centre sportif de la plaine des Coquer\u00e9es \u00e0 Ottignies.\u00a0\u00a0<\/span><\/p>\n<h2>Le tournoi<\/h2>\n<p><span style=\"font-weight: 400;\">Nous organisons annuellement un tournoi officiel de badminton, international dans le pass\u00e9, devenu national depuis 8 ans, c\u2019est l&rsquo;\u00e9v\u00e9nement majeur de notre club. En effet, c\u2019est gr\u00e2ce \u00e0 lui que l\u2019\u00e9quilibre financier du club peut \u00eatre atteint.\u00a0<\/span><\/p>\n<p><span style=\"font-weight: 400;\">Au fil des ann\u00e9es, il est devenu le plus grand tournoi de Wallonie et attire de ce fait les meilleurs joueurs venant des 4 coins du pays. Ceux-ci sont \u00e2g\u00e9s de 10 \u00e0 60 ans.<\/span><\/p>\n<p><span style=\"font-weight: 400;\">Ce tournoi se d\u00e9roule sur 2 jours, en avril a partir de 2023, pendant lequel nous occupons 19 terrains et accueillons plus de 390 participants pour l\u2019\u00e9dition 2022, nous y avons jou\u00e9 pr\u00e8s de 500 matchs.<\/span><span style=\"font-weight: 400;\">\u00a0<\/span><\/p>\n<p><span style=\"font-weight: 400;\">Toutefois, le tournoi est capable d\u2019accueillir 460 participants.<\/span><\/p>\n<h2>Interclubs et autres tournois<\/h2>\n<p><span style=\"font-weight: 400;\">Cette saison nous engageons trois \u00e9quipes d&rsquo;interclubs dans un championnat regroupant diff\u00e9rents clubs de la r\u00e9gion de Bruxelles-Capitale, du Brabant Wallon et de la r\u00e9gion Wallonne (3 \u00e9quipes messieurs). Une bonne occasion pour nos joueurs de se confronter r\u00e9guli\u00e8rement \u00e0 d&rsquo;autres comp\u00e9titeurs.<\/span><\/p>\n<p><span style=\"font-weight: 400;\"><br \/>\n<\/span><span style=\"font-weight: 400;\">Nos comp\u00e9titeurs participent en outre r\u00e9guli\u00e8rement aux tournois que proposent les clubs de badminton belges tout au long de la saison.<\/span><\/p>\n","protected":false},"excerpt":{"rendered":"<p>Le club du BLOCRY a vu le jour en 1978, et est pass\u00e9 du statut d\u2019association de fait \u00e0 ASBL en ao\u00fbt 2014.\u00a0 Il compte depuis les 5 derni\u00e8res ann\u00e9es entre 100 et 135 membres.\u00a0 Il y a actuellement 3 \u00e9quipes d&rsquo;interclubs, 1 juges arbitres, une \u00e9cole des jeunes, 4 cr\u00e9neaux horaires par semaine, avec &hellip; <a href=\"https:\/\/blocrybc.be\/index.php\/page-d-exemple-2\/\" class=\"more-link\">Continuer la lecture de <span class=\"screen-reader-text\">Le club<\/span><\/a><\/p>\n","protected":false},"author":1,"featured_media":0,"parent":0,"menu_order":0,"comment_status":"closed","ping_status":"open","template":"","meta":{"footnotes":""},"class_list":["post-8","page","type-page","status-publish","hentry"],"jetpack_sharing_enabled":true,"_links":{"self":[{"href":"https:\/\/blocrybc.be\/index.php\/wp-json\/wp\/v2\/pages\/8","targetHints":{"allow":["GET"]}}],"collection":[{"href":"https:\/\/blocrybc.be\/index.php\/wp-json\/wp\/v2\/pages"}],"about":[{"href":"https:\/\/blocrybc.be\/index.php\/wp-json\/wp\/v2\/types\/page"}],"author":[{"embeddable":true,"href":"https:\/\/blocrybc.be\/index.php\/wp-json\/wp\/v2\/users\/1"}],"replies":[{"embeddable":true,"href":"https:\/\/blocrybc.be\/index.php\/wp-json\/wp\/v2\/comments?post=8"}],"version-history":[{"count":2,"href":"https:\/\/blocrybc.be\/index.php\/wp-json\/wp\/v2\/pages\/8\/revisions"}],"predecessor-version":[{"id":1612,"href":"https:\/\/blocrybc.be\/index.php\/wp-json\/wp\/v2\/pages\/8\/revisions\/1612"}],"wp:attachment":[{"href":"https:\/\/blocrybc.be\/index.php\/wp-json\/wp\/v2\/media?parent=8"}],"curies":[{"name":"wp","href":"https:\/\/api.w.org\/{rel}","templated":true}]}}